{"id":12562,"date":"2025-09-21T16:19:40","date_gmt":"2025-09-21T14:19:40","guid":{"rendered":"https:\/\/congresoh2col.com\/?page_id=12562"},"modified":"2025-09-21T16:20:24","modified_gmt":"2025-09-21T14:20:24","slug":"agenda","status":"publish","type":"page","link":"https:\/\/congresoh2col.com\/en\/agenda\/","title":{"rendered":"Schedule"},"content":{"rendered":"<div data-elementor-type=\"wp-page\" data-elementor-id=\"12562\" class=\"elementor elementor-12562\">\n\t\t\t\t<div class=\"elementor-element elementor-element-312dc25 e-flex e-con-boxed e-con e-parent\" data-id=\"312dc25\" data-element_type=\"container\" data-e-type=\"container\">\t\t\t<div class=\"e-con-inner\">\r\n\t\t\t\t<div class=\"elementor-element elementor-element-c9c7b19 elementor-widget elementor-widget-pxl_text_editor\" data-id=\"c9c7b19\" data-element_type=\"widget\" data-e-type=\"widget\" data-widget_type=\"pxl_text_editor.default\">\n\t\t\t\t<div class=\"elementor-widget-container\">\n\t\t\t\t\t<div class=\"pxl-text-editor\">\n\t<div class=\"pxl-item--inner pxl-text2\" data-wow-delay=\"ms\">\n\t\tDiscover the keynotes, panels, and discussion spaces that will shape the energy future.\nOur program brings together experts, leaders, and visionaries from the sector to address the latest developments and key opportunities in the hydrogen ecosystem. \t\t\n\t<\/div>\n<\/div>\t\t\t\t<\/div>\n\t\t\t\t<\/div>\n\t\t\t\t<div class=\"elementor-element elementor-element-055d489 elementor-widget elementor-widget-pxl_text_editor\" data-id=\"055d489\" data-element_type=\"widget\" data-e-type=\"widget\" data-widget_type=\"pxl_text_editor.default\">\n\t\t\t\t<div class=\"elementor-widget-container\">\n\t\t\t\t\t<div class=\"pxl-text-editor\">\n\t<div class=\"pxl-item--inner pxl-text2\" data-wow-delay=\"ms\">\n\t\t<strong>Check the schedule and plan your strategic participation in each session!<\/strong>\t\t\n\t<\/div>\n<\/div>\t\t\t\t<\/div>\n\t\t\t\t<\/div>\n\t\t\t\t\t<\/div>\r\n\t\t\t\t<\/div>\r\n\t\t\t\t<\/div>","protected":false},"excerpt":{"rendered":"<p>Descubre las ponencias, paneles y espacios de di\u00e1logo que dar\u00e1n forma al futuro energ\u00e9tico. Nuestra programaci\u00f3n re\u00fane expertos, l\u00edderes y visionarios del sector, abordando los avances m\u00e1s recientes y las oportunidades clave en torno al hidr\u00f3geno. \u00a1Consulta la agenda y planea tu participaci\u00f3n estrat\u00e9gica en cada sesi\u00f3n!<\/p>","protected":false},"author":1,"featured_media":0,"parent":0,"menu_order":0,"comment_status":"closed","ping_status":"closed","template":"","meta":{"footnotes":""},"class_list":["post-12562","page","type-page","status-publish","hentry"],"_links":{"self":[{"href":"https:\/\/congresoh2col.com\/en\/wp-json\/wp\/v2\/pages\/12562","targetHints":{"allow":["GET"]}}],"collection":[{"href":"https:\/\/congresoh2col.com\/en\/wp-json\/wp\/v2\/pages"}],"about":[{"href":"https:\/\/congresoh2col.com\/en\/wp-json\/wp\/v2\/types\/page"}],"author":[{"embeddable":true,"href":"https:\/\/congresoh2col.com\/en\/wp-json\/wp\/v2\/users\/1"}],"replies":[{"embeddable":true,"href":"https:\/\/congresoh2col.com\/en\/wp-json\/wp\/v2\/comments?post=12562"}],"version-history":[{"count":4,"href":"https:\/\/congresoh2col.com\/en\/wp-json\/wp\/v2\/pages\/12562\/revisions"}],"predecessor-version":[{"id":12566,"href":"https:\/\/congresoh2col.com\/en\/wp-json\/wp\/v2\/pages\/12562\/revisions\/12566"}],"wp:attachment":[{"href":"https:\/\/congresoh2col.com\/en\/wp-json\/wp\/v2\/media?parent=12562"}],"curies":[{"name":"wp","href":"https:\/\/api.w.org\/{rel}","templated":true}]}}