{"id":12567,"date":"2025-09-21T16:22:09","date_gmt":"2025-09-21T14:22:09","guid":{"rendered":"https:\/\/congresoh2col.com\/?page_id=12567"},"modified":"2026-04-17T17:35:40","modified_gmt":"2026-04-17T22:35:40","slug":"kit-y-recursos","status":"publish","type":"page","link":"https:\/\/congresoh2col.com\/es\/kit-y-recursos\/","title":{"rendered":"Kit y recursos"},"content":{"rendered":"\t\t<div data-elementor-type=\"wp-page\" data-elementor-id=\"12567\" class=\"elementor elementor-12567\">\n\t\t\t\t        <section class=\"elementor-section elementor-top-section elementor-element elementor-element-a7f6337 elementor-section-stretched elementor-section-content-middle elementor-section-boxed elementor-section-height-default elementor-section-height-default pxl-row-scroll-none pxl-zoom-point-false pxl-section-overflow-visible pxl-section-fix-none\" data-id=\"a7f6337\" data-element_type=\"section\" data-e-type=\"section\" data-settings=\"{&quot;stretch_section&quot;:&quot;section-stretched&quot;,&quot;background_background&quot;:&quot;classic&quot;}\">\n\n                \n                <div class=\"elementor-container elementor-column-gap-extended \">\n                <div class=\"elementor-column elementor-col-50 elementor-top-column elementor-element elementor-element-0ac75bb pxl-column-overflow-hidden-yes pxl-column-none\" data-id=\"0ac75bb\" data-element_type=\"column\" data-e-type=\"column\">\r\n        <div class=\"elementor-widget-wrap elementor-element-populated\">\r\n                     \r\n        \t\t<div class=\"elementor-element elementor-element-9e12abd elementor-widget elementor-widget-image\" data-id=\"9e12abd\" data-element_type=\"widget\" data-e-type=\"widget\" data-widget_type=\"image.default\">\n\t\t\t\t<div class=\"elementor-widget-container\">\n\t\t\t\t\t\t\t\t\t\t\t\t\t\t\t<img decoding=\"async\" src=\"https:\/\/congresoh2col.com\/wp-content\/uploads\/2026\/04\/kit-de-comunicaciones-2026_1080-x-1350.png\" title=\"\" alt=\"\" loading=\"lazy\" \/>\t\t\t\t\t\t\t\t\t\t\t\t\t\t\t<\/div>\n\t\t\t\t<\/div>\n\t\t            <\/div>\r\n        <\/div>\r\n                <div class=\"elementor-column elementor-col-50 elementor-top-column elementor-element elementor-element-c3aba99 pxl-column-none pxl-column-overflow-hidden-no\" data-id=\"c3aba99\" data-element_type=\"column\" data-e-type=\"column\">\r\n        <div class=\"elementor-widget-wrap elementor-element-populated\">\r\n                     \r\n        \t\t<div class=\"elementor-element elementor-element-5d365e7 elementor-widget elementor-widget-pxl_text_editor\" data-id=\"5d365e7\" data-element_type=\"widget\" data-e-type=\"widget\" data-widget_type=\"pxl_text_editor.default\">\n\t\t\t\t<div class=\"elementor-widget-container\">\n\t\t\t\t\t<div class=\"pxl-text-editor\">\n\t<div class=\"pxl-item--inner pxl-custom \" data-wow-delay=\"ms\">\n\t\t<p>Aqu\u00ed encontrar\u00e1s todos los elementos gr\u00e1ficos, informativos y promocionales para apoyar la difusi\u00f3n del <strong>Congreso Internacional de Hidr\u00f3geno.<\/strong> Desde logotipos, plantillas y piezas digitales hasta recomendaciones de uso.<\/p>\t\t\n\t<\/div>\n<\/div>\t\t\t\t<\/div>\n\t\t\t\t<\/div>\n\t\t\t\t<div class=\"elementor-element elementor-element-4fb57e9 elementor-widget elementor-widget-pxl_text_editor\" data-id=\"4fb57e9\" data-element_type=\"widget\" data-e-type=\"widget\" data-widget_type=\"pxl_text_editor.default\">\n\t\t\t\t<div class=\"elementor-widget-container\">\n\t\t\t\t\t<div class=\"pxl-text-editor\">\n\t<div class=\"pxl-item--inner pxl-custom \" data-wow-delay=\"ms\">\n\t\t<p><strong>\u00a1Desc\u00e1rgalo y s\u00famate a la conversaci\u00f3n que transforma el futuro energ\u00e9tico!<\/strong><\/p>\t\t\n\t<\/div>\n<\/div>\t\t\t\t<\/div>\n\t\t\t\t<\/div>\n\t\t\t\t<div class=\"elementor-element elementor-element-1473e3d elementor-widget elementor-widget-pxl_text_editor\" data-id=\"1473e3d\" data-element_type=\"widget\" data-e-type=\"widget\" data-widget_type=\"pxl_text_editor.default\">\n\t\t\t\t<div class=\"elementor-widget-container\">\n\t\t\t\t\t<div class=\"pxl-text-editor\">\n\t<div class=\"pxl-item--inner pxl-custom \" data-wow-delay=\"ms\">\n\t\t<p>Incluye:<\/p>\t\t\n\t<\/div>\n<\/div>\t\t\t\t<\/div>\n\t\t\t\t<\/div>\n\t\t\t\t<div class=\"elementor-element elementor-element-6622625 elementor-widget__width-initial elementor-widget-tablet__width-inherit elementor-widget-mobile_extra__width-initial elementor-widget elementor-widget-pxl_list\" data-id=\"6622625\" data-element_type=\"widget\" data-e-type=\"widget\" data-widget_type=\"pxl_list.default\">\n\t\t\t\t<div class=\"elementor-widget-container\">\n\t\t\t\t\t<!-- Template -->\r\n     <div class=\"pxl-list pxl-list1 pxl-list-style3\">\r\n        <div class=\"pxl-item--container\">\r\n            <div class=\"pxl-item--inner\">\r\n                <ul class=\"pxl-item--list\">\r\n                                                                    <li class=\"pxl-item--single wow fadeInUp\"  data-wow-delay=\"0ms\">\r\n                                                            <i aria-hidden=\"true\" class=\"flaticon flaticon-bullet-tick\"><\/i>                                                        <span class=\"pxl-item--text\">Post 1080x1080<\/span>\r\n                        <\/li>\r\n                                                                    <li class=\"pxl-item--single wow fadeInUp\"  data-wow-delay=\"100ms\">\r\n                                                            <i aria-hidden=\"true\" class=\"flaticon flaticon-bullet-tick\"><\/i>                                                        <span class=\"pxl-item--text\">Post 1080x1350<\/span>\r\n                        <\/li>\r\n                                                                    <li class=\"pxl-item--single wow fadeInUp\"  data-wow-delay=\"200ms\">\r\n                                                            <i aria-hidden=\"true\" class=\"flaticon flaticon-bullet-tick\"><\/i>                                                        <span class=\"pxl-item--text\">Post 1920x1080<\/span>\r\n                        <\/li>\r\n                                    <\/ul>\r\n            <\/div>\r\n        <\/div> \r\n    <\/div>\r\n\t\t\t\t<\/div>\n\t\t\t\t<\/div>\n\t\t\t\t<div class=\"elementor-element elementor-element-f5c2030 elementor-widget__width-initial elementor-widget-tablet__width-inherit elementor-widget-mobile_extra__width-initial elementor-widget elementor-widget-pxl_list\" data-id=\"f5c2030\" data-element_type=\"widget\" data-e-type=\"widget\" data-widget_type=\"pxl_list.default\">\n\t\t\t\t<div class=\"elementor-widget-container\">\n\t\t\t\t\t<!-- Template -->\r\n     <div class=\"pxl-list pxl-list1 pxl-list-style3\">\r\n        <div class=\"pxl-item--container\">\r\n            <div class=\"pxl-item--inner\">\r\n                <ul class=\"pxl-item--list\">\r\n                                                                    <li class=\"pxl-item--single wow fadeInUp\"  data-wow-delay=\"0ms\">\r\n                                                            <i aria-hidden=\"true\" class=\"flaticon flaticon-bullet-tick\"><\/i>                                                        <span class=\"pxl-item--text\">Post 1200x627<\/span>\r\n                        <\/li>\r\n                                                                    <li class=\"pxl-item--single wow fadeInUp\"  data-wow-delay=\"100ms\">\r\n                                                            <i aria-hidden=\"true\" class=\"flaticon flaticon-bullet-tick\"><\/i>                                                        <span class=\"pxl-item--text\">Post 1600x900<\/span>\r\n                        <\/li>\r\n                                    <\/ul>\r\n            <\/div>\r\n        <\/div> \r\n    <\/div>\r\n\t\t\t\t<\/div>\n\t\t\t\t<\/div>\n\t\t\t\t<div class=\"elementor-element elementor-element-0b118f3 elementor-widget elementor-widget-pxl_button\" data-id=\"0b118f3\" data-element_type=\"widget\" data-e-type=\"widget\" data-widget_type=\"pxl_button.default\">\n\t\t\t\t<div class=\"elementor-widget-container\">\n\t\t\t\t\t\r\n<div id=\"pxl-pxl_button-0b118f3-7891\" class=\"pxl-button wow fadeInUp\" data-wow-delay=\"ms\">\r\n    <div class=\"pxl-item--container\">\r\n        <div class=\"pxl-item--inner\">\r\n            <a class=\"btn pxl-btn-basic pxl-btn-basic4   pxl-hover-split-bg pxl-atc-link \" href=\"https:\/\/congresoh2col.com\/wp-content\/uploads\/2026\/04\/KIT-DE-COMUNICACIONES-ESPANOL-H2.zip\" data-text=\"Descargar kit\" \r\n            >\r\n                <span class=\"pxl-btn--icon\">\r\n                                    <\/span>\r\n                                    <span class=\"pxl-btn--text\">Descargar kit<\/span>\r\n                            <\/a>\r\n        <\/div>\r\n    <\/div>\r\n<\/div>\r\n\t\t\t\t<\/div>\n\t\t\t\t<\/div>\n\t\t            <\/div>\r\n        <\/div>\r\n        \t\t\t<\/div>\n\t\t<\/section>\n\t\t\t\t<\/div>\n\t\t","protected":false},"excerpt":{"rendered":"<p>Aqu\u00ed encontrar\u00e1s todos los elementos gr\u00e1ficos, informativos y promocionales para apoyar la difusi\u00f3n del Congreso Internacional de Hidr\u00f3geno. Desde logotipos, plantillas y piezas digitales hasta recomendaciones de uso. \u00a1Desc\u00e1rgalo y s\u00famate a la conversaci\u00f3n que transforma el futuro energ\u00e9tico! Incluye: Post 1080&#215;1080 Post 1080&#215;1350 Post 1920&#215;1080 Post 1200&#215;627 Post 1600&#215;900 Descargar kit<\/p>\n","protected":false},"author":1,"featured_media":0,"parent":0,"menu_order":0,"comment_status":"closed","ping_status":"closed","template":"","meta":{"footnotes":""},"class_list":["post-12567","page","type-page","status-publish","hentry"],"jetpack_sharing_enabled":true,"_links":{"self":[{"href":"https:\/\/congresoh2col.com\/es\/wp-json\/wp\/v2\/pages\/12567","targetHints":{"allow":["GET"]}}],"collection":[{"href":"https:\/\/congresoh2col.com\/es\/wp-json\/wp\/v2\/pages"}],"about":[{"href":"https:\/\/congresoh2col.com\/es\/wp-json\/wp\/v2\/types\/page"}],"author":[{"embeddable":true,"href":"https:\/\/congresoh2col.com\/es\/wp-json\/wp\/v2\/users\/1"}],"replies":[{"embeddable":true,"href":"https:\/\/congresoh2col.com\/es\/wp-json\/wp\/v2\/comments?post=12567"}],"version-history":[{"count":28,"href":"https:\/\/congresoh2col.com\/es\/wp-json\/wp\/v2\/pages\/12567\/revisions"}],"predecessor-version":[{"id":14003,"href":"https:\/\/congresoh2col.com\/es\/wp-json\/wp\/v2\/pages\/12567\/revisions\/14003"}],"wp:attachment":[{"href":"https:\/\/congresoh2col.com\/es\/wp-json\/wp\/v2\/media?parent=12567"}],"curies":[{"name":"wp","href":"https:\/\/api.w.org\/{rel}","templated":true}]}}