{"id":12879,"date":"2025-09-27T17:23:49","date_gmt":"2025-09-27T15:23:49","guid":{"rendered":"https:\/\/congresoh2col.com\/?page_id=12879"},"modified":"2025-09-27T17:47:02","modified_gmt":"2025-09-27T15:47:02","slug":"politica-de-tratamiento-de-datos-personales","status":"publish","type":"page","link":"https:\/\/congresoh2col.com\/es\/politica-de-tratamiento-de-datos-personales\/","title":{"rendered":"Pol\u00edtica de tratamiento de datos personales"},"content":{"rendered":"\t\t<div data-elementor-type=\"wp-page\" data-elementor-id=\"12879\" class=\"elementor elementor-12879\">\n\t\t\t\t        <section class=\"elementor-section elementor-top-section elementor-element elementor-element-d88ef82 elementor-section-full_width elementor-section-stretched elementor-section-height-default elementor-section-height-default pxl-row-scroll-none pxl-zoom-point-false pxl-section-overflow-visible pxl-section-fix-none pxl-full-content-with-space-none\" data-id=\"d88ef82\" data-element_type=\"section\" data-e-type=\"section\" data-settings=\"{&quot;stretch_section&quot;:&quot;section-stretched&quot;}\">\n\n                \n                <div class=\"elementor-container elementor-column-gap-extended \">\n                <div class=\"elementor-column elementor-col-50 elementor-top-column elementor-element elementor-element-b75cff1 pxl-column-overflow-hidden-yes pxl-column-none\" data-id=\"b75cff1\" data-element_type=\"column\" data-e-type=\"column\" data-settings=\"{&quot;background_background&quot;:&quot;classic&quot;}\">\r\n        <div class=\"elementor-widget-wrap\">\r\n            <div class=\"pxl-column-bg-parallax\" data-parallax=\"{&quot;x&quot;:80}\"><\/div>         \r\n                    <\/div>\r\n        <\/div>\r\n                <div class=\"elementor-column elementor-col-50 elementor-top-column elementor-element elementor-element-997783e pxl-column-none pxl-column-overflow-hidden-no\" data-id=\"997783e\" data-element_type=\"column\" data-e-type=\"column\">\r\n        <div class=\"elementor-widget-wrap elementor-element-populated\">\r\n                     \r\n                <section class=\"elementor-section elementor-inner-section elementor-element elementor-element-3f4acf7 elementor-section-boxed elementor-section-height-default elementor-section-height-default pxl-row-scroll-none pxl-zoom-point-false pxl-section-overflow-visible pxl-section-fix-none\" data-id=\"3f4acf7\" data-element_type=\"section\" data-e-type=\"section\">\n\n                \n                <div class=\"elementor-container elementor-column-gap-no \">\n                <div class=\"elementor-column elementor-col-100 elementor-inner-column elementor-element elementor-element-97ffe9c pxl-column-none pxl-column-overflow-hidden-no\" data-id=\"97ffe9c\" data-element_type=\"column\" data-e-type=\"column\">\r\n        <div class=\"elementor-widget-wrap elementor-element-populated\">\r\n                     \r\n        \t\t<div class=\"elementor-element elementor-element-23e6431 elementor-widget elementor-widget-pxl_heading\" data-id=\"23e6431\" data-element_type=\"widget\" data-e-type=\"widget\" data-widget_type=\"pxl_heading.default\">\n\t\t\t\t<div class=\"elementor-widget-container\">\n\t\t\t\t\t<div id=\"pxl-pxl_heading-23e6431-2050\" class=\"pxl-heading\">\n\t<div class=\"pxl-item--container\">\n\t\t<div class=\"pxl-item--inner\">\n\t\t\t\t\t\t\t<div class=\"pxl-item--subtitle pxl-subtitle-default  \" data-wow-delay=\"ms\">\n\t\t\t\t\t\t\t\t\t\t\t<svg width=\"52\" height=\"20\" viewBox=\"0 0 52 20\" fill=\"none\" xmlns=\"http:\/\/www.w3.org\/2000\/svg\">\n\t\t\t\t\t\t\t<rect y=\"11\" width=\"50\" height=\"1\" fill=\"#86BB46\"\/>\n\t\t\t\t\t\t\t<rect class=\"pxl-move-rect spin\" x=\"44.7782\" y=\"4\" width=\"10\" height=\"10\" transform=\"rotate(45 44.7782 4)\" fill=\"#86BB46\"\/>\n\t\t\t\t\t\t<\/svg>\n\t\t\t\t\t\t\t\t\t\t<span class=\"pxl-item--subtext\">\n\t\t\t\t\t\tConoce\t\t\t\t\t<\/span>\n\t\t\t\t<\/div>\n\t\t\t\t\t\t\t\t\t\t<h3 class=\"pxl-item--title  h3 wow fadeInUp\" \n\t\t\t\tdata-wow-delay=\"ms\">\n\t\t\t\t\t\t\t\t\t\t\tLas pol\u00edticas de nuestros organizadores\t\t\t\t\t\t\t\t\t<\/h3>\n\t\t\t\t\t<\/div>\n\t<\/div>\n<\/div>\t\t\t\t<\/div>\n\t\t\t\t<\/div>\n\t\t            <\/div>\r\n        <\/div>\r\n        \t\t\t<\/div>\n\t\t<\/section>\n\t\t<div class=\"elementor-element elementor-element-4e3704a e-con-full e-flex e-con e-parent \" data-id=\"4e3704a\" data-element_type=\"container\" data-e-type=\"container\" data-settings=\"{&quot;background_background&quot;:&quot;classic&quot;}\"><div class=\"elementor-element elementor-element-40a6312 e-con-full e-flex e-con e-child \" data-id=\"40a6312\" data-element_type=\"container\" data-e-type=\"container\" data-settings=\"{&quot;background_background&quot;:&quot;classic&quot;}\">\t\t<div class=\"elementor-element elementor-element-048ee8c elementor-widget-tablet_extra__width-initial elementor-widget elementor-widget-image\" data-id=\"048ee8c\" data-element_type=\"widget\" data-e-type=\"widget\" data-widget_type=\"image.default\">\n\t\t\t\t<div class=\"elementor-widget-container\">\n\t\t\t\t\t\t\t\t\t\t\t\t\t\t\t<img decoding=\"async\" src=\"https:\/\/congresoh2col.com\/wp-content\/uploads\/2025\/09\/IMG_LOGO-HIDROGENO-COLOMBIA--scaled.png\" title=\"IMG_LOGO HIDRO\u0301GENO COLOMBIA\" alt=\"IMG_LOGO HIDRO\u0301GENO COLOMBIA\" loading=\"lazy\" \/>\t\t\t\t\t\t\t\t\t\t\t\t\t\t\t<\/div>\n\t\t\t\t<\/div>\n\t\t\t\t<div class=\"elementor-element elementor-element-3808f4a elementor-widget elementor-widget-spacer\" data-id=\"3808f4a\" data-element_type=\"widget\" data-e-type=\"widget\" data-widget_type=\"spacer.default\">\n\t\t\t\t<div class=\"elementor-widget-container\">\n\t\t\t\t\t\t\t<div class=\"elementor-spacer\">\n\t\t\t<div class=\"elementor-spacer-inner\"><\/div>\n\t\t<\/div>\n\t\t\t\t\t\t<\/div>\n\t\t\t\t<\/div>\n\t\t\t\t<div class=\"elementor-element elementor-element-d140a56 elementor-widget elementor-widget-pxl_button\" data-id=\"d140a56\" data-element_type=\"widget\" data-e-type=\"widget\" data-widget_type=\"pxl_button.default\">\n\t\t\t\t<div class=\"elementor-widget-container\">\n\t\t\t\t\t\r\n<div id=\"pxl-pxl_button-d140a56-8133\" class=\"pxl-button \" data-wow-delay=\"ms\">\r\n    <div class=\"pxl-item--container\">\r\n        <div class=\"pxl-item--inner\">\r\n            <a class=\"btn pxl-btn-basic pxl-btn-basic2   pxl-hover-split-bg pxl-atc-link \" href=\"https:\/\/congresoh2col.com\/wp-content\/uploads\/2025\/09\/Politica-de-proteccion-de-datos-V-27042023.pdf\" target=\"_blank\" data-text=\"Ver pol\u00edtica\" \r\n            >\r\n                <span class=\"pxl-btn--icon\">\r\n                                    <\/span>\r\n                                    <span class=\"pxl-btn--text\">Ver pol\u00edtica<\/span>\r\n                            <\/a>\r\n        <\/div>\r\n    <\/div>\r\n<\/div>\r\n\t\t\t\t<\/div>\n\t\t\t\t<\/div>\n\t\t\t\t<\/div>\r\n\t\t<div class=\"elementor-element elementor-element-ecdc812 e-con-full e-flex e-con e-child \" data-id=\"ecdc812\" data-element_type=\"container\" data-e-type=\"container\" data-settings=\"{&quot;background_background&quot;:&quot;classic&quot;}\">\t\t<div class=\"elementor-element elementor-element-ce046eb elementor-widget-tablet_extra__width-initial elementor-widget elementor-widget-image\" data-id=\"ce046eb\" data-element_type=\"widget\" data-e-type=\"widget\" data-widget_type=\"image.default\">\n\t\t\t\t<div class=\"elementor-widget-container\">\n\t\t\t\t\t\t\t\t\t\t\t\t\t\t\t<img decoding=\"async\" src=\"https:\/\/congresoh2col.com\/wp-content\/uploads\/2025\/09\/LOGO-WEC-COLOMBIA-PNG-COLOR.png\" title=\"LOGO WEC COLOMBIA &#8211; PNG COLOR\" alt=\"LOGO WEC COLOMBIA - PNG COLOR\" loading=\"lazy\" \/>\t\t\t\t\t\t\t\t\t\t\t\t\t\t\t<\/div>\n\t\t\t\t<\/div>\n\t\t\t\t<div class=\"elementor-element elementor-element-1cbd6e2 elementor-widget elementor-widget-spacer\" data-id=\"1cbd6e2\" data-element_type=\"widget\" data-e-type=\"widget\" data-widget_type=\"spacer.default\">\n\t\t\t\t<div class=\"elementor-widget-container\">\n\t\t\t\t\t\t\t<div class=\"elementor-spacer\">\n\t\t\t<div class=\"elementor-spacer-inner\"><\/div>\n\t\t<\/div>\n\t\t\t\t\t\t<\/div>\n\t\t\t\t<\/div>\n\t\t\t\t<div class=\"elementor-element elementor-element-49aaeed elementor-widget elementor-widget-pxl_button\" data-id=\"49aaeed\" data-element_type=\"widget\" data-e-type=\"widget\" data-widget_type=\"pxl_button.default\">\n\t\t\t\t<div class=\"elementor-widget-container\">\n\t\t\t\t\t\r\n<div id=\"pxl-pxl_button-49aaeed-2837\" class=\"pxl-button \" data-wow-delay=\"ms\">\r\n    <div class=\"pxl-item--container\">\r\n        <div class=\"pxl-item--inner\">\r\n            <a class=\"btn pxl-btn-basic pxl-btn-basic2   pxl-hover-split-bg pxl-atc-link \" href=\"https:\/\/congresoh2col.com\/wp-content\/uploads\/2025\/09\/Politica-Tratamiento-datos-personales-WEC.pdf\" target=\"_blank\" data-text=\"Ver pol\u00edtica\" \r\n            >\r\n                <span class=\"pxl-btn--icon\">\r\n                                    <\/span>\r\n                                    <span class=\"pxl-btn--text\">Ver pol\u00edtica<\/span>\r\n                            <\/a>\r\n        <\/div>\r\n    <\/div>\r\n<\/div>\r\n\t\t\t\t<\/div>\n\t\t\t\t<\/div>\n\t\t\t\t<\/div>\r\n\t\t<div class=\"elementor-element elementor-element-b67cf50 elementor-hidden-tablet_extra e-con-full e-flex e-con e-child \" data-id=\"b67cf50\" data-element_type=\"container\" data-e-type=\"container\" data-settings=\"{&quot;background_background&quot;:&quot;classic&quot;}\">\t\t<\/div>\r\n\t\t\t\t<\/div>\r\n\t\t            <\/div>\r\n        <\/div>\r\n        \t\t\t<\/div>\n\t\t<\/section>\n\t\t\t\t<\/div>\n\t\t","protected":false},"excerpt":{"rendered":"<p>Conoce Las pol\u00edticas de nuestros organizadores Ver pol\u00edtica Ver pol\u00edtica<\/p>\n","protected":false},"author":1,"featured_media":0,"parent":0,"menu_order":0,"comment_status":"closed","ping_status":"closed","template":"","meta":{"footnotes":""},"class_list":["post-12879","page","type-page","status-publish","hentry"],"jetpack_sharing_enabled":true,"_links":{"self":[{"href":"https:\/\/congresoh2col.com\/es\/wp-json\/wp\/v2\/pages\/12879","targetHints":{"allow":["GET"]}}],"collection":[{"href":"https:\/\/congresoh2col.com\/es\/wp-json\/wp\/v2\/pages"}],"about":[{"href":"https:\/\/congresoh2col.com\/es\/wp-json\/wp\/v2\/types\/page"}],"author":[{"embeddable":true,"href":"https:\/\/congresoh2col.com\/es\/wp-json\/wp\/v2\/users\/1"}],"replies":[{"embeddable":true,"href":"https:\/\/congresoh2col.com\/es\/wp-json\/wp\/v2\/comments?post=12879"}],"version-history":[{"count":37,"href":"https:\/\/congresoh2col.com\/es\/wp-json\/wp\/v2\/pages\/12879\/revisions"}],"predecessor-version":[{"id":12921,"href":"https:\/\/congresoh2col.com\/es\/wp-json\/wp\/v2\/pages\/12879\/revisions\/12921"}],"wp:attachment":[{"href":"https:\/\/congresoh2col.com\/es\/wp-json\/wp\/v2\/media?parent=12879"}],"curies":[{"name":"wp","href":"https:\/\/api.w.org\/{rel}","templated":true}]}}